{"id":82,"date":"2017-01-30T12:22:15","date_gmt":"2017-01-30T11:22:15","guid":{"rendered":"http:\/\/www.schafe-im-rodgau.de\/wordpress\/?page_id=82"},"modified":"2020-10-11T23:55:51","modified_gmt":"2020-10-11T21:55:51","slug":"shop-alles-aus-fell","status":"publish","type":"page","link":"http:\/\/schafe-im-rodgau.de\/index.php\/onlineshop\/shop-alles-aus-fell","title":{"rendered":"Shop &#8211; Alles aus Fell"},"content":{"rendered":"<p>Hier finden Sie alle Produkte, die aus Fell sind.<\/p>\n<p>Zu den anderen Produkten geht es hier lang:<\/p>\n<ul>\n<li><a href=\"http:\/\/www.schafe-im-rodgau.de\/?page_id=18\">Alles aus Wolle<\/a><\/li>\n<li><a href=\"http:\/\/www.schafe-im-rodgau.de\/?page_id=85\">Alles was kein Fell oder Wolle ist<\/a><\/li>\n<\/ul>\n\n<table id=\"tablepress-2\" class=\"tablepress tablepress-id-2\">\n<thead>\n<tr class=\"row-1\">\n\t<th class=\"column-1\">Bild<\/th><th class=\"column-2\">Artikelnummer und Beschreibung<\/th><th class=\"column-3\">Ihre Investition<\/th>\n<\/tr>\n<\/thead>\n<tbody class=\"row-striping row-hover\">\n<tr class=\"row-2\">\n\t<td class=\"column-1\"><a href=\"http:\/\/www.schafe-im-rodgau.de\/wordpress\/wp-content\/uploads\/2017\/01\/1_Schaffell_Mimosa1.jpg\" rel=\"attachment wp-att-59\"><img loading=\"lazy\" decoding=\"async\" src=\"http:\/\/www.schafe-im-rodgau.de\/wordpress\/wp-content\/uploads\/2017\/01\/1_Schaffell_Mimosa1-150x150.jpg\" alt=\"1_Schaffell_Mimosa1\" width=\"150\" height=\"150\" class=\"alignnone size-thumbnail wp-image-59\" \/><\/a><\/td><td class=\"column-2\"><a href=\"mailto:M.Metzger@Schafe-im-Rodgau.de?subject=Onlineshop 1 Schaffell Mimosagerbung &amp;body=Ihr Text%0A %0A Mit dieser Bestellung akzeptiere ich die AGBs und Widerufsbelehrung von Schafe im Rodgau, nachzulesen auf http:\/\/www.schafe-im-rodgau.de\/Impressum\/\">1 Schaffell Mimosagerbung<\/a><br \/>\n<br \/>\nUnsere Felle mit Mimosa Baumrinden Gerbung deshalb rein pflanzlich und somit Ideal f\u00fcr Alergiker. Die Gerbung ist rein wei\u00df und ist damit auch farblich neutral<\/td><td class=\"column-3\">zwischen<br \/>\n65,00 \u20ac<br \/>\nund<br \/>\n81,00 \u20ac<\/td>\n<\/tr>\n<tr class=\"row-3\">\n\t<td class=\"column-1\"><a href=\"http:\/\/www.schafe-im-rodgau.de\/wordpress\/wp-content\/uploads\/2017\/01\/2a_Schaffell_Deko_Gerbung1.jpg\" rel=\"attachment wp-att-60\"><img loading=\"lazy\" decoding=\"async\" src=\"http:\/\/www.schafe-im-rodgau.de\/wordpress\/wp-content\/uploads\/2017\/01\/2a_Schaffell_Deko_Gerbung1-150x150.jpg\" alt=\"2a_Schaffell_Deko_Gerbung1\" width=\"150\" height=\"150\" class=\"alignnone size-thumbnail wp-image-60\" \/><\/a><\/td><td class=\"column-2\"><a href=\"mailto:M.Metzger@Schafe-im-Rodgau.de?subject=Onlineshop 2a Schaffell Deko-Gerbung&amp;body=Ihr Text%0A %0A Mit dieser Bestellung akzeptiere ich die AGBs und Widerufsbelehrung von Schafe im Rodgau, nachzulesen auf http:\/\/www.schafe-im-rodgau.de\/Impressum\/\">2a Schaffell Deko-Gerbung<\/a><br \/>\n<br \/>\nDeko Gerbung (als genialer Bettvorleger) nicht waschbar dennoch unverw\u00fcstlich<\/td><td class=\"column-3\">ab 55,00 \u20ac<\/td>\n<\/tr>\n<tr class=\"row-4\">\n\t<td class=\"column-1\"><a href=\"http:\/\/www.schafe-im-rodgau.de\/wordpress\/wp-content\/uploads\/2017\/01\/3a_Schaffell_medizinische_Gerbung1.jpg\" rel=\"attachment wp-att-61\"><img loading=\"lazy\" decoding=\"async\" src=\"http:\/\/www.schafe-im-rodgau.de\/wordpress\/wp-content\/uploads\/2017\/01\/3a_Schaffell_medizinische_Gerbung1-150x150.jpg\" alt=\"3a_Schaffell_medizinische_Gerbung1\" width=\"150\" height=\"150\" class=\"alignnone size-thumbnail wp-image-61\" \/><\/a><\/td><td class=\"column-2\"><a href=\"mailto:M.Metzger@Schafe-im-Rodgau.de?subject=Onlineshop 3a Schaffell medizinische Gerbung&amp;body=Ihr Text%0A %0A Mit dieser Bestellung akzeptiere ich die AGBs und Widerufsbelehrung von Schafe im Rodgau, nachzulesen auf http:\/\/www.schafe-im-rodgau.de\/Impressum\/\">3a Schaffell medizinische Gerbung<\/a><br \/>\n<br \/>\nmedizinische Gerbung (Babyfell) gut waschbar<\/td><td class=\"column-3\">zwischen<br \/>\n65,00 \u20ac<br \/>\nund<br \/>\n85,00 \u20ac<\/td>\n<\/tr>\n<tr class=\"row-5\">\n\t<td class=\"column-1\"><a href=\"http:\/\/www.schafe-im-rodgau.de\/wordpress\/wp-content\/uploads\/2017\/01\/4a_Kaninchenfell_Deko_Gerbung1.jpg\" rel=\"attachment wp-att-62\"><img loading=\"lazy\" decoding=\"async\" src=\"http:\/\/www.schafe-im-rodgau.de\/wordpress\/wp-content\/uploads\/2017\/01\/4a_Kaninchenfell_Deko_Gerbung1-150x150.jpg\" alt=\"4a_Kaninchenfell_Deko_Gerbung1\" width=\"150\" height=\"150\" class=\"alignnone size-thumbnail wp-image-62\" \/><\/a><\/td><td class=\"column-2\"><a href=\"mailto:M.Metzger@Schafe-im-Rodgau.de?subject=Onlineshop 4a Kaninchenfell deko Gerbung&amp;body=Ihr Text%0A %0A Mit dieser Bestellung akzeptiere ich die AGBs und Widerufsbelehrung von Schafe im Rodgau, nachzulesen auf http:\/\/www.schafe-im-rodgau.de\/Impressum\/\">4a Kaninchenfell deko Gerbung<\/a><br \/>\n<br \/>\nDas ganz weiche Kuschelkissen; In vielen verschiedenen Variationen auch Felle von Dalmatiner Rex, welche sich noch   weicher anf\u00fchlen.<\/td><td class=\"column-3\">ab 10,00 \u20ac<\/td>\n<\/tr>\n<tr class=\"row-6\">\n\t<td class=\"column-1\"><a href=\"http:\/\/www.schafe-im-rodgau.de\/wordpress\/wp-content\/uploads\/2017\/01\/43_Ziegenfell.jpg\" rel=\"attachment wp-att-63\"><img loading=\"lazy\" decoding=\"async\" src=\"http:\/\/www.schafe-im-rodgau.de\/wordpress\/wp-content\/uploads\/2017\/01\/43_Ziegenfell-150x150.jpg\" alt=\"43_Ziegenfell\" width=\"150\" height=\"150\" class=\"alignnone size-thumbnail wp-image-63\" \/><\/a><\/td><td class=\"column-2\"><a href=\"mailto:M.Metzger@Schafe-im-Rodgau.de?subject=Onlineshop 43 Ziegenfell=Ihr Text%0A %0A Mit dieser Bestellung akzeptiere ich die AGBs und Widerufsbelehrung von Schafe im Rodgau, nachzulesen auf http:\/\/www.schafe-im-rodgau.de\/Impressum\/\">43 Ziegenfell<\/a><br \/>\n<br \/>\nZiegenfell in pflanzlicher Gerbung die Rarit\u00e4t schlechthin<\/td><td class=\"column-3\">zwischen<br \/>\n65,00 \u20ac<br \/>\nund<br \/>\n75,00 \u20ac<\/td>\n<\/tr>\n<tr class=\"row-7\">\n\t<td class=\"column-1\"><a href=\"http:\/\/www.schafe-im-rodgau.de\/wordpress\/wp-content\/uploads\/2017\/01\/5a_Felldecke.jpg\" rel=\"attachment wp-att-64\"><img loading=\"lazy\" decoding=\"async\" src=\"http:\/\/www.schafe-im-rodgau.de\/wordpress\/wp-content\/uploads\/2017\/01\/5a_Felldecke.jpg\" alt=\"5a_Felldecke\" width=\"90\" height=\"67\" class=\"alignnone size-full wp-image-64\" \/><\/a><\/td><td class=\"column-2\"><a href=\"mailto:M.Metzger@Schafe-im-Rodgau.de?subject=Onlineshop 5a Felldecke&amp;body=Ihr Text%0A %0A Mit dieser Bestellung akzeptiere ich die AGBs und Widerufsbelehrung von Schafe im Rodgau, nachzulesen auf http:\/\/www.schafe-im-rodgau.de\/Impressum\/\">5a Felldecke<\/a><br \/>\n<br \/>\nFelldecke bestehend aus 5 Lammfellen, reicht f\u00fcr Ihr Sofa oder Bett \u201eDas Kuscheln de luxe\u201c 200x 80cm oder auch 190x90cm. Sie suchen sich die Felle aus und wir fertigen dann aus diesen Fellen Ihre Decke. Eine Anschaffung f\u00fcr\u00b4s Leben, denn sie h\u00e4lt ewig.<\/td><td class=\"column-3\">ca. 350,00 \u20ac<\/td>\n<\/tr>\n<tr class=\"row-8\">\n\t<td class=\"column-1\"><a href=\"http:\/\/www.schafe-im-rodgau.de\/wordpress\/wp-content\/uploads\/2017\/01\/6a_Sitzauflagen.jpg\" rel=\"attachment wp-att-65\"><img loading=\"lazy\" decoding=\"async\" src=\"http:\/\/www.schafe-im-rodgau.de\/wordpress\/wp-content\/uploads\/2017\/01\/6a_Sitzauflagen.jpg\" alt=\"6a_Sitzauflagen\" width=\"90\" height=\"67\" class=\"alignnone size-full wp-image-65\" \/><\/a><\/td><td class=\"column-2\"><br \/>\n<br \/>\n<a href=\"mailto:M.Metzger@Schafe-im-Rodgau.de?subject=Onlineshop 6a Fellplatten\/Auflagen&amp;body=Ihr Text%0A %0A Mit dieser Bestellung akzeptiere ich die AGBs und Widerufsbelehrung von Schafe im Rodgau, nachzulesen auf http:\/\/www.schafe-im-rodgau.de\/Impressum\/\">6a Fellplatten\/Auflagen<\/a><br \/>\n<br \/>\nFellauflagen f\u00fcr die warme und weiche Sitzgelegenheit 40x40 cm passt deshalb auf einen Stuhl oder in den Kinderwagen als Babynest<\/td><td class=\"column-3\">49,00 \u20ac<\/td>\n<\/tr>\n<tr class=\"row-9\">\n\t<td class=\"column-1\"><a href=\"http:\/\/www.schafe-im-rodgau.de\/wordpress\/wp-content\/uploads\/2017\/01\/7a1_Sohlen.jpg\" rel=\"attachment wp-att-66\"><img loading=\"lazy\" decoding=\"async\" src=\"http:\/\/www.schafe-im-rodgau.de\/wordpress\/wp-content\/uploads\/2017\/01\/7a1_Sohlen-150x150.jpg\" alt=\"7a1_Sohlen\" width=\"150\" height=\"150\" class=\"alignnone size-thumbnail wp-image-66\" \/><\/a><\/td><td class=\"column-2\"><a href=\"mailto:M.Metzger@Schafe-im-Rodgau.de?subject=Onlineshop 7a Schuheinlegesohlen aus Fell&amp;body=Ihr Text%0A %0A Mit dieser Bestellung akzeptiere ich die AGBs und Widerufsbelehrung von Schafe im Rodgau, nachzulesen auf http:\/\/www.schafe-im-rodgau.de\/Impressum\/\">7a Schuheinlegesohlen aus Fell<\/a><br \/>\n<br \/>\ndas angenehme Laufgef\u00fchl in den Schuhen von Gr\u00f6\u00dfe 36 bis 45  und garantiert warme F\u00fc\u00dfe!<\/td><td class=\"column-3\">10,90 \u20ac<\/td>\n<\/tr>\n<tr class=\"row-10\">\n\t<td class=\"column-1\"><a href=\"http:\/\/www.schafe-im-rodgau.de\/wordpress\/wp-content\/uploads\/2017\/01\/8_Nackenhoernchen_gross_klein_IMAG1396.jpg\" rel=\"attachment wp-att-67\"><img loading=\"lazy\" decoding=\"async\" src=\"http:\/\/www.schafe-im-rodgau.de\/wordpress\/wp-content\/uploads\/2017\/01\/8_Nackenhoernchen_gross_klein_IMAG1396-150x150.jpg\" alt=\"8_Nackenhoernchen_gross_klein_IMAG1396\" width=\"150\" height=\"150\" class=\"alignnone size-thumbnail wp-image-67\" \/><\/a><\/td><td class=\"column-2\"><a href=\"mailto:M.Metzger@Schafe-im-Rodgau.de?subject=Onlineshop 8a Nackenh\u00f6rnchen&amp;body=Ihr Text%0A %0A Mit dieser Bestellung akzeptiere ich die AGBs und Widerufsbelehrung von Schafe im Rodgau, nachzulesen auf http:\/\/www.schafe-im-rodgau.de\/Impressum\/\">8a Nackenh\u00f6rnchen<\/a><br \/>\n<br \/>\nNackenh\u00f6rnchen die Entspannung pur f\u00fcr den warmen Nacken, nicht nur beim Fernsehen!<\/td><td class=\"column-3\">39,00 \u20ac<\/td>\n<\/tr>\n<tr class=\"row-11\">\n\t<td class=\"column-1\"><a href=\"http:\/\/www.schafe-im-rodgau.de\/wordpress\/wp-content\/uploads\/2017\/01\/8a_Nackenhornchen1.jpg\" rel=\"attachment wp-att-68\"><img loading=\"lazy\" decoding=\"async\" src=\"http:\/\/www.schafe-im-rodgau.de\/wordpress\/wp-content\/uploads\/2017\/01\/8a_Nackenhornchen1-150x150.jpg\" alt=\"8a_Nackenhornchen1\" width=\"150\" height=\"150\" class=\"alignnone size-thumbnail wp-image-68\" \/><\/a><\/td><td class=\"column-2\"><a href=\"mailto:M.Metzger@Schafe-im-Rodgau.de?subject=Onlineshop 8b Nackenh\u00f6rnchen gro\u00df&amp;body=Ihr Text%0A %0A Mit dieser Bestellung akzeptiere ich die AGBs und Widerufsbelehrung von Schafe im Rodgau, nachzulesen auf http:\/\/www.schafe-im-rodgau.de\/Impressum\/\">8b Nackenh\u00f6rnchen gro\u00df<\/a><br \/>\n<br \/>\nF\u00fcr Menschen welche es noch bequemer auf dem Sofa h\u00e4tten, oder als Beifahrer im Auto.<\/td><td class=\"column-3\">49,00 \u20ac<\/td>\n<\/tr>\n<tr class=\"row-12\">\n\t<td class=\"column-1\"><a href=\"http:\/\/www.schafe-im-rodgau.de\/wordpress\/wp-content\/uploads\/2017\/01\/9a_kleiner_Schafchenvorleger.jpg\" rel=\"attachment wp-att-69\"><img loading=\"lazy\" decoding=\"async\" src=\"http:\/\/www.schafe-im-rodgau.de\/wordpress\/wp-content\/uploads\/2017\/01\/9a_kleiner_Schafchenvorleger.jpg\" alt=\"9a_kleiner_Schafchenvorleger\" width=\"90\" height=\"34\" class=\"alignnone size-full wp-image-69\" \/><\/a><\/td><td class=\"column-2\"><a href=\"mailto:M.Metzger@Schafe-im-Rodgau.de?subject=Onlineshop 9a kleine Sch\u00e4fchenvorleger&amp;body=Ihr Text%0A %0A Mit dieser Bestellung akzeptiere ich die AGBs und Widerufsbelehrung von Schafe im Rodgau, nachzulesen auf http:\/\/www.schafe-im-rodgau.de\/Impressum\/\">9a kleine Sch\u00e4fchenvorleger<\/a><br \/>\n<br \/>\nDer kuschelige Blickfang auf dem Sofa, so haben auch Sie Schafe und diese m\u00fcssen nicht mit Futter, Wasser usw. versorgt werden.<\/td><td class=\"column-3\">49,00 \u20ac<\/td>\n<\/tr>\n<tr class=\"row-13\">\n\t<td class=\"column-1\"><a href=\"http:\/\/www.schafe-im-rodgau.de\/wordpress\/wp-content\/uploads\/2017\/01\/10a_Kindermuff.jpg\" rel=\"attachment wp-att-70\"><img loading=\"lazy\" decoding=\"async\" src=\"http:\/\/www.schafe-im-rodgau.de\/wordpress\/wp-content\/uploads\/2017\/01\/10a_Kindermuff.jpg\" alt=\"10a_Kindermuff\" width=\"90\" height=\"70\" class=\"alignnone size-full wp-image-70\" \/><\/a><\/td><td class=\"column-2\"><a href=\"mailto:M.Metzger@Schafe-im-Rodgau.de?subject=Onlineshop 10a Kindermuff&amp;body=Ihr Text%0A %0A Mit dieser Bestellung akzeptiere ich die AGBs und Widerufsbelehrung von Schafe im Rodgau, nachzulesen auf http:\/\/www.schafe-im-rodgau.de\/Impressum\/\">10a Kindermuff<\/a><br \/>\n<br \/>\nwarme H\u00e4nde garantiert<\/td><td class=\"column-3\">46,00 \u20ac<\/td>\n<\/tr>\n<tr class=\"row-14\">\n\t<td class=\"column-1\"><\/td><td class=\"column-2\"><a href=\"mailto:M.Metzger@Schafe-im-Rodgau.de?subject=Onlineshop 11a Fellkissen&amp;body=Ihr Text%0A %0A Mit dieser Bestellung akzeptiere ich die AGBs und Widerufsbelehrung von Schafe im Rodgau, nachzulesen auf http:\/\/www.schafe-im-rodgau.de\/Impressum\/\">11a Fellkissen (Hergestellt von Gerberei Schneider)<\/a><br \/>\n<br \/>\n50 X 50 cm gro\u00df und medizinisch gegerbt. Der Kuschelige Blickfang auf der Couch.<\/td><td class=\"column-3\">89,00 \u20ac<\/td>\n<\/tr>\n<tr class=\"row-15\">\n\t<td class=\"column-1\"><a href=\"http:\/\/www.schafe-im-rodgau.de\/wordpress\/wp-content\/uploads\/2017\/01\/12a_Nackenrolle1_besch.jpg\" rel=\"attachment wp-att-71\"><img loading=\"lazy\" decoding=\"async\" src=\"http:\/\/www.schafe-im-rodgau.de\/wordpress\/wp-content\/uploads\/2017\/01\/12a_Nackenrolle1_besch-150x150.jpg\" alt=\"12a_Nackenrolle1_besch\" width=\"150\" height=\"150\" class=\"alignnone size-thumbnail wp-image-71\" \/><\/a><\/td><td class=\"column-2\"><a href=\"mailto:M.Metzger@Schafe-im-Rodgau.de?subject=Onlineshop 12a Nackenrolle&amp;body=Ihr Text%0A %0A Mit dieser Bestellung akzeptiere ich die AGBs und Widerufsbelehrung von Schafe im Rodgau, nachzulesen auf http:\/\/www.schafe-im-rodgau.de\/Impressum\/\">12a Nackenrolle<\/a><br \/>\n<br \/>\nwie das Nackenkissen, nur eben in Zylinderform<\/td><td class=\"column-3\">59,00 \u20ac<\/td>\n<\/tr>\n<tr class=\"row-16\">\n\t<td class=\"column-1\"><\/td><td class=\"column-2\"><a href=\"mailto:M.Metzger@Schafe-im-Rodgau.de?subject=Onlineshop 13a Nackenkissen 40\/20&amp;body=Ihr Text%0A %0A Mit dieser Bestellung akzeptiere ich die AGBs und Widerufsbelehrung von Schafe im Rodgau, nachzulesen auf http:\/\/www.schafe-im-rodgau.de\/Impressum\/\">13a Nackenkissen 40\/20<\/a><br \/>\n<br \/>\nFellkissen in der Gr\u00f6\u00dfe 40cm x 20cm medizinisch\/rein pflanzlich gegerbt, die weiche Kopfunterlage, f\u00fcr den entspannenden Schlaf!<\/td><td class=\"column-3\">59,00 \u20ac<\/td>\n<\/tr>\n<tr class=\"row-17\">\n\t<td class=\"column-1\"><a href=\"http:\/\/www.schafe-im-rodgau.de\/wordpress\/wp-content\/uploads\/2017\/01\/14a_Fahrradsattelbezug1.jpg\" rel=\"attachment wp-att-73\"><img loading=\"lazy\" decoding=\"async\" src=\"http:\/\/www.schafe-im-rodgau.de\/wordpress\/wp-content\/uploads\/2017\/01\/14a_Fahrradsattelbezug1-150x150.jpg\" alt=\"14a_Fahrradsattelbezug1\" width=\"150\" height=\"150\" class=\"alignnone size-thumbnail wp-image-73\" \/><\/a><\/td><td class=\"column-2\"><a href=\"mailto:M.Metzger@Schafe-im-Rodgau.de?subject=Onlineshop 14a Fahrradsattelbezug&amp;body=Ihr Text%0A %0A Mit dieser Bestellung akzeptiere ich die AGBs und Widerufsbelehrung von Schafe im Rodgau, nachzulesen auf http:\/\/www.schafe-im-rodgau.de\/Impressum\/\">14a Fahrradsattelbezug<\/a><br \/>\n<br \/>\nund das Radfahren wird zu einer noch gr\u00f6\u00dferen Freude. Mein erster Sattelbezug hatte 5000 km hinter sich ehe ich auf einen Neuen  \"umsattelte\".<\/td><td class=\"column-3\">59,00 \u20ac<\/td>\n<\/tr>\n<tr class=\"row-18\">\n\t<td class=\"column-1\"><\/td><td class=\"column-2\"><a href=\"mailto:M.Metzger@Schafe-im-Rodgau.de?subject=Onlineshop 41a Fellst\u00fcckchen&amp;body=Ihr Text%0A %0A Mit dieser Bestellung akzeptiere ich die AGBs und Widerufsbelehrung von Schafe im Rodgau, nachzulesen auf http:\/\/www.schafe-im-rodgau.de\/Impressum\/\">41a Fellst\u00fcckchen<\/a><br \/>\n<br \/>\nSie m\u00f6chten sich Ihr eigenes Schaf o.\u00e4. basteln dann k\u00f6nnen wir Ihnen Fellst\u00fcckchen anbieten.<\/td><td class=\"column-3\">1,00 \u20ac<br \/>\nbis<br \/>\n5,00 \u20ac<\/td>\n<\/tr>\n<\/tbody>\n<\/table>\n<!-- #tablepress-2 from cache -->\n","protected":false},"excerpt":{"rendered":"<p>Hier finden Sie alle Produkte, die aus Fell sind. Zu den anderen Produkten geht es hier lang: Alles aus Wolle Alles was kein Fell oder Wolle ist<\/p>\n","protected":false},"author":1,"featured_media":396,"parent":15,"menu_order":2,"comment_status":"closed","ping_status":"closed","template":"nosidebar.php","meta":{"footnotes":""},"class_list":["post-82","page","type-page","status-publish","has-post-thumbnail","hentry"],"_links":{"self":[{"href":"http:\/\/schafe-im-rodgau.de\/index.php\/wp-json\/wp\/v2\/pages\/82","targetHints":{"allow":["GET"]}}],"collection":[{"href":"http:\/\/schafe-im-rodgau.de\/index.php\/wp-json\/wp\/v2\/pages"}],"about":[{"href":"http:\/\/schafe-im-rodgau.de\/index.php\/wp-json\/wp\/v2\/types\/page"}],"author":[{"embeddable":true,"href":"http:\/\/schafe-im-rodgau.de\/index.php\/wp-json\/wp\/v2\/users\/1"}],"replies":[{"embeddable":true,"href":"http:\/\/schafe-im-rodgau.de\/index.php\/wp-json\/wp\/v2\/comments?post=82"}],"version-history":[{"count":5,"href":"http:\/\/schafe-im-rodgau.de\/index.php\/wp-json\/wp\/v2\/pages\/82\/revisions"}],"predecessor-version":[{"id":678,"href":"http:\/\/schafe-im-rodgau.de\/index.php\/wp-json\/wp\/v2\/pages\/82\/revisions\/678"}],"up":[{"embeddable":true,"href":"http:\/\/schafe-im-rodgau.de\/index.php\/wp-json\/wp\/v2\/pages\/15"}],"wp:featuredmedia":[{"embeddable":true,"href":"http:\/\/schafe-im-rodgau.de\/index.php\/wp-json\/wp\/v2\/media\/396"}],"wp:attachment":[{"href":"http:\/\/schafe-im-rodgau.de\/index.php\/wp-json\/wp\/v2\/media?parent=82"}],"curies":[{"name":"wp","href":"https:\/\/api.w.org\/{rel}","templated":true}]}}