{"id":85,"date":"2017-01-30T12:23:24","date_gmt":"2017-01-30T11:23:24","guid":{"rendered":"http:\/\/www.schafe-im-rodgau.de\/wordpress\/?page_id=85"},"modified":"2020-10-11T23:55:51","modified_gmt":"2020-10-11T21:55:51","slug":"shop-alles-was-kein-fell-oder-wolle-ist","status":"publish","type":"page","link":"http:\/\/schafe-im-rodgau.de\/index.php\/onlineshop\/shop-alles-was-kein-fell-oder-wolle-ist","title":{"rendered":"Shop &#8211; Alles was kein Fell oder Wolle ist"},"content":{"rendered":"<p>Hier finden Sie alle Produkte, die weder aus Fell oder Wolle sind, also z.B. Wurst und H\u00f6rner.<\/p>\n<p>Zu den anderen Produkten geht es hier lang:<\/p>\n<ul>\n<li><a href=\"http:\/\/www.schafe-im-rodgau.de\/?page_id=18\">Alles aus Wolle<\/a><\/li>\n<li><a href=\"http:\/\/www.schafe-im-rodgau.de\/?page_id=82\">Alles aus Fell<\/a><\/li>\n<\/ul>\n\n<table id=\"tablepress-3\" class=\"tablepress tablepress-id-3\">\n<thead>\n<tr class=\"row-1\">\n\t<th class=\"column-1\">Bild<\/th><th class=\"column-2\">Artikelnummer und Beschreibung<\/th><th class=\"column-3\">Ihre Investition<\/th>\n<\/tr>\n<\/thead>\n<tbody class=\"row-striping row-hover\">\n<tr class=\"row-2\">\n\t<td class=\"column-1\"><a href=\"http:\/\/www.schafe-im-rodgau.de\/wordpress\/wp-content\/uploads\/2017\/01\/31a-Nieder-Roder-Lammknacker.jpg\" rel=\"attachment wp-att-80\"><img loading=\"lazy\" decoding=\"async\" src=\"http:\/\/www.schafe-im-rodgau.de\/wordpress\/wp-content\/uploads\/2017\/01\/31a-Nieder-Roder-Lammknacker-150x150.jpg\" alt=\"31a-Nieder-Roder-Lammknacker\" width=\"150\" height=\"150\" class=\"alignnone size-thumbnail wp-image-80\" \/><\/a><\/td><td class=\"column-2\"><a href=\"mailto:M.Metzger@Schafe-im-Rodgau.de?subject=Onlineshop 31a Nieder R\u00f6der Lammknacker ger\u00e4ucherte Mettwurst vom Lamm &amp;body=Ihr Text%0A %0A Mit dieser Bestellung akzeptiere ich die AGBs und Widerufsbelehrung von Schafe im Rodgau, nachzulesen auf http:\/\/www.schafe-im-rodgau.de\/Impressum\/\">31a Nieder R\u00f6der Lammknacker ger\u00e4ucherte Mettwurst vom Lamm <\/a><br \/>\n<br \/>\nger\u00e4ucherte Bratwurst vom Lamm aus den Zutaten: Lammfleisch, Schweinespeck, Gew\u00fcrz, Nitritp\u00f6kelsalz, Rauch, im Schweinedarm 28\/30  erh\u00e4ltlich  n u r  in der Region Rodgau kein Versand.<\/td><td class=\"column-3\">Preis f\u00fcr<br \/>\n 1 P\u00e4archen (ca. 200g) = 4,90 \u20ac<\/td>\n<\/tr>\n<tr class=\"row-3\">\n\t<td class=\"column-1\"><a href=\"http:\/\/www.schafe-im-rodgau.de\/wordpress\/wp-content\/uploads\/2017\/01\/31b-Lammbratwurst.jpg\" rel=\"attachment wp-att-79\"><img loading=\"lazy\" decoding=\"async\" src=\"http:\/\/www.schafe-im-rodgau.de\/wordpress\/wp-content\/uploads\/2017\/01\/31b-Lammbratwurst-150x150.jpg\" alt=\"31b-Lammbratwurst\" width=\"150\" height=\"150\" class=\"alignnone size-thumbnail wp-image-79\" \/><\/a><\/td><td class=\"column-2\"><a href=\"mailto:M.Metzger@Schafe-im-Rodgau.de?subject=Onlineshop 31b Lammbratwurst  &amp;body=Ihr Text%0A %0A Mit dieser Bestellung akzeptiere ich die AGBs und Widerufsbelehrung von Schafe im Rodgau, nachzulesen auf http:\/\/www.schafe-im-rodgau.de\/Impressum\/\">31b Lammbratwurst die Bereicherung f\u00fcr das Grillfest <\/a><br \/>\n<br \/>\nBratwurst vom Lamm aus den Zutaten: Lammfleisch, Schweinespeck, Gew\u00fcrz, Salz, im Schweinedarm 28\/30  erh\u00e4ltlich  n u r in der Region Rodgau kein Versand<\/td><td class=\"column-3\">Preis f\u00fcr<br \/>\n 1 P\u00e4archen (ca. 200g) = 4,90 \u20ac<\/td>\n<\/tr>\n<tr class=\"row-4\">\n\t<td class=\"column-1\"><\/td><td class=\"column-2\"><a href=\"mailto:M.Metzger@Schafe-im-Rodgau.de?subject=Onlineshop 35a Lammfleisch &amp;body=Bitte hier Ihre R\u00fcckrufnummer eintragen. Fleischverkauf ist Vertrauenssache%0A %0A Mit dieser Bestellung akzeptiere ich die AGBs und Widerufsbelehrung von Schafe im Rodgau, nachzulesen auf http:\/\/www.schafe-im-rodgau.de\/Impressum\/\">35a Lammfleisch <\/a><br \/>\n<br \/>\nSelbstverst\u00e4ndlich verkaufen wir auch unsere L\u00e4mmer, wir zerlegen nach Wunsch. Jedoch nur in der Region Rodgau erh\u00e4ltlich, Wir schlachten ausschlie\u00dflich auf Vorbestellungen deshalb unsere Bitte: Melden Sie rechtzeitig Ihr Interesse an und wir sprechen dann einige Zeit vor dem Schlachten die Zerlegeart und Abholzeit ab. Achtung der Verkauf erfolgt <br \/>\nn u r in der Region<\/td><td class=\"column-3\"><\/td>\n<\/tr>\n<tr class=\"row-5\">\n\t<td class=\"column-1\"><a href=\"http:\/\/www.schafe-im-rodgau.de\/wordpress\/wp-content\/uploads\/2017\/01\/42-Ziegen-Schafleder.jpg\" rel=\"attachment wp-att-78\"><img loading=\"lazy\" decoding=\"async\" src=\"http:\/\/www.schafe-im-rodgau.de\/wordpress\/wp-content\/uploads\/2017\/01\/42-Ziegen-Schafleder-150x150.jpg\" alt=\"42-Ziegen-Schafleder\" width=\"150\" height=\"150\" class=\"alignnone size-thumbnail wp-image-78\" \/><\/a><\/td><td class=\"column-2\"><a href=\"mailto:M.Metzger@Schafe-im-Rodgau.de?subject=Onlineshop 42 Schaf-\/Ziegenleder&amp;body=Ihr Text%0A %0A Mit dieser Bestellung akzeptiere ich die AGBs und Widerufsbelehrung von Schafe im Rodgau, nachzulesen auf http:\/\/www.schafe-im-rodgau.de\/Impressum\/\">42 Schaf-\/Ziegenleder<\/a><br \/>\n<br \/>\nRobustes Leder f\u00fcr die manigfaltigsten Werkst\u00fccke<\/td><td class=\"column-3\">zwischen 65,00 \u20ac<br \/>\n und<br \/>\n 85,00 \u20ac<\/td>\n<\/tr>\n<tr class=\"row-6\">\n\t<td class=\"column-1\"><a href=\"http:\/\/www.schafe-im-rodgau.de\/wordpress\/wp-content\/uploads\/2017\/01\/34_Horner.jpg\" rel=\"attachment wp-att-77\"><img loading=\"lazy\" decoding=\"async\" src=\"http:\/\/www.schafe-im-rodgau.de\/wordpress\/wp-content\/uploads\/2017\/01\/34_Horner-150x150.jpg\" alt=\"34_Horner\" width=\"150\" height=\"150\" class=\"alignnone size-thumbnail wp-image-77\" \/><\/a><\/td><td class=\"column-2\"><a href=\"mailto:M.Metzger@Schafe-im-Rodgau.de?subject=Onlineshop 34a H\u00f6rner von Zackelschafen &amp;body=Ihr Text%0A %0A Mit dieser Bestellung akzeptiere ich die AGBs und Widerufsbelehrung von Schafe im Rodgau, nachzulesen auf http:\/\/www.schafe-im-rodgau.de\/Impressum\/\">34a H\u00f6rner von Zackelschafen<\/a><br \/>\n<br \/>\nH\u00f6rner einer vom Aussterben bedrohten Haustierart, nach einigen Centimetern Vollhorn also innen nicht hohl. <br \/>\n<br \/>\nWir haben aber auch H\u00f6rner von unseren Ziegen und Skuddenschafen, diese sind innen bis in die Spitze hohl.<\/td><td class=\"column-3\">je nach Gr\u00f6\u00dfe<br \/>\n3,50 \u20ac<br \/>\noder 7,50 \u20ac oder 15,00 \u20ac pro St\u00fcck<\/td>\n<\/tr>\n<tr class=\"row-7\">\n\t<td class=\"column-1\"><a href=\"http:\/\/www.schafe-im-rodgau.de\/wordpress\/wp-content\/uploads\/2017\/01\/45_Bratwurst_Dose.jpg\" rel=\"attachment wp-att-76\"><img loading=\"lazy\" decoding=\"async\" src=\"http:\/\/www.schafe-im-rodgau.de\/wordpress\/wp-content\/uploads\/2017\/01\/45_Bratwurst_Dose-150x150.jpg\" alt=\"45_Bratwurst_Dose\" width=\"150\" height=\"150\" class=\"alignnone size-thumbnail wp-image-76\" \/><\/a><\/td><td class=\"column-2\"><a href=\"mailto:M.Metzger@Schafe-im-Rodgau.de?subject=Onlineshop 45a 200 Gramm Dosenwurst Rodgauer-Schaf-Bratwurst &amp;body=Ihr Text%0A %0A Mit dieser Bestellung akzeptiere ich die AGBs und Widerufsbelehrung von Schafe im Rodgau, nachzulesen auf http:\/\/www.schafe-im-rodgau.de\/Impressum\/\">45a 200 Gramm Dosenwurst Rodgauer-Schaf-Bratwurst <\/a> <br \/>\n<br \/>\nEigene Herstellung F\u00fcllgewicht 200Gramm k\u00fchl lagern                                 <br \/>\n<br \/>\n95%Schaffleisch, Nitrit P\u00f6kelsalz, jodiert (Speisesalz, Konservierungsstoff E250) Gew\u00fcrze (Pfeffer, Salz, Muskat, Knoblauch)<\/td><td class=\"column-3\">3,90 \u20ac<\/td>\n<\/tr>\n<tr class=\"row-8\">\n\t<td class=\"column-1\"><a href=\"http:\/\/www.schafe-im-rodgau.de\/wordpress\/wp-content\/uploads\/2017\/01\/45_Bratwurst_Dose.jpg\" rel=\"attachment wp-att-76\"><img loading=\"lazy\" decoding=\"async\" src=\"http:\/\/www.schafe-im-rodgau.de\/wordpress\/wp-content\/uploads\/2017\/01\/45_Bratwurst_Dose-150x150.jpg\" alt=\"45_Bratwurst_Dose\" width=\"150\" height=\"150\" class=\"alignnone size-thumbnail wp-image-76\" \/><\/a><\/td><td class=\"column-2\"><a href=\"mailto:M.Metzger@Schafe-im-Rodgau.de?subject=Onlineshop 45b 200 Gramm Rodgauer-Schaf-Presskopf &amp;body=Ihr Text%0A %0A Mit dieser Bestellung akzeptiere ich die AGBs und Widerufsbelehrung von Schafe im Rodgau, nachzulesen auf http:\/\/www.schafe-im-rodgau.de\/Impressum\/\">45b 200 Gramm Rodgauer-Schaf-Presskopf <\/a> <br \/>\n<br \/>\nf\u00fcr die andere Geschmacksvariante Eigene Herstellung F\u00fcllgewicht 200Gramm k\u00fchl lagern                             <br \/>\n<br \/>\n95%Schaffleisch, Nitrit P\u00f6kelsalz, jodiert (Speisesalz, Konservierungsstoff E250) Gew\u00fcrze (Pfeffer, Salz, Muskat, Knoblauch)<\/td><td class=\"column-3\">3,90 \u20ac<\/td>\n<\/tr>\n<\/tbody>\n<\/table>\n<!-- #tablepress-3 from cache -->\n","protected":false},"excerpt":{"rendered":"<p>Hier finden Sie alle Produkte, die weder aus Fell oder Wolle sind, also z.B. Wurst und H\u00f6rner. Zu den anderen Produkten geht es hier lang: Alles aus Wolle Alles aus Fell<\/p>\n","protected":false},"author":1,"featured_media":396,"parent":15,"menu_order":3,"comment_status":"closed","ping_status":"closed","template":"nosidebar.php","meta":{"footnotes":""},"class_list":["post-85","page","type-page","status-publish","has-post-thumbnail","hentry"],"_links":{"self":[{"href":"http:\/\/schafe-im-rodgau.de\/index.php\/wp-json\/wp\/v2\/pages\/85","targetHints":{"allow":["GET"]}}],"collection":[{"href":"http:\/\/schafe-im-rodgau.de\/index.php\/wp-json\/wp\/v2\/pages"}],"about":[{"href":"http:\/\/schafe-im-rodgau.de\/index.php\/wp-json\/wp\/v2\/types\/page"}],"author":[{"embeddable":true,"href":"http:\/\/schafe-im-rodgau.de\/index.php\/wp-json\/wp\/v2\/users\/1"}],"replies":[{"embeddable":true,"href":"http:\/\/schafe-im-rodgau.de\/index.php\/wp-json\/wp\/v2\/comments?post=85"}],"version-history":[{"count":3,"href":"http:\/\/schafe-im-rodgau.de\/index.php\/wp-json\/wp\/v2\/pages\/85\/revisions"}],"predecessor-version":[{"id":679,"href":"http:\/\/schafe-im-rodgau.de\/index.php\/wp-json\/wp\/v2\/pages\/85\/revisions\/679"}],"up":[{"embeddable":true,"href":"http:\/\/schafe-im-rodgau.de\/index.php\/wp-json\/wp\/v2\/pages\/15"}],"wp:featuredmedia":[{"embeddable":true,"href":"http:\/\/schafe-im-rodgau.de\/index.php\/wp-json\/wp\/v2\/media\/396"}],"wp:attachment":[{"href":"http:\/\/schafe-im-rodgau.de\/index.php\/wp-json\/wp\/v2\/media?parent=85"}],"curies":[{"name":"wp","href":"https:\/\/api.w.org\/{rel}","templated":true}]}}